{"id":183,"date":"2026-02-23T13:58:08","date_gmt":"2026-02-23T12:58:08","guid":{"rendered":"https:\/\/sandbox.enkle.re\/sandbox-2\/?page_id=183"},"modified":"2026-04-02T12:39:19","modified_gmt":"2026-04-02T10:39:19","slug":"kontakt-os","status":"publish","type":"page","link":"https:\/\/eventrib.no\/en\/kontakt-oss\/","title":{"rendered":"Contact Us"},"content":{"rendered":"<section class=\"bde-section-183-100 bde-section\">\n  \n  \n\t\n\n\n\n<div class=\"section-container\"><div class=\"bde-columns-183-101 bde-columns\"><div class=\"bde-column-183-102 bde-column\">\n  \n  \n\t\n\n\n\n<h1 class=\"bde-heading-183-103 bde-heading\">\nKontakt oss\n<\/h1><div class=\"bde-text-183-104 bde-text\">\nHar du sp\u00f8rsm\u00e5l om v\u00e5re pakker, \u00f8nsker et samarbeid eller vil booke din neste tur? Ikke n\u00f8l med \u00e5 ta kontakt \u2013 vi svarer p\u00e5 alt du lurer p\u00e5! <br><br>Kontakt oss for booking, informasjon om v\u00e5re pakker, samarbeid eller andre henvendelser.\n<\/div>\n<\/div><div class=\"bde-column-183-105 bde-column\">\n  \n  \n\t\n\n\n\n<div class=\"bde-text-183-106 bde-text\">\n<b>Kontaktperson<\/b><br>Nicolai Walle Wennersten<br>980 43 962<br>nico@eventrib.no\n<\/div><div class=\"bde-icon-list-183-107 bde-icon-list\">\n<ul>\n  \n              \n    <li>\n                      \n            \n            \n\n    \n    \n    \n    \n    \n    <a class=\"breakdance-link bde-icon-list__item-wrapper\" href=\"mailto:nico@eventrib.no\" target=\"_self\" data-type=\"url\"  >\n\n      \n      <span class='bde-icon-list__icon'>\n        <svg xmlns=\"http:\/\/www.w3.org\/2000\/svg\" width=\"24\" height=\"24\" viewBox=\"0 0 24 24\" fill-rule=\"evenodd\" clip-rule=\"evenodd\"><path d=\"M24 21h-24v-18h24v18zm-23-16.477v15.477h22v-15.477l-10.999 10-11.001-10zm21.089-.523h-20.176l10.088 9.171 10.088-9.171z\"\/><\/svg>\n      <\/span>\n      <span class='bde-icon-list__text' >\n      post@eventrib.no<a href=\"mailto:post@eventrib.no\"> \n      <\/span>\n                  <\/a>\n\n      \n    <\/li>\n\n  \n              \n    <li>\n                      \n            \n            \n\n    \n    \n    \n    \n    \n    <a class=\"breakdance-link bde-icon-list__item-wrapper\" href=\"tel:+4798043962\" target=\"_self\" data-type=\"contact\"  >\n\n      \n      <span class='bde-icon-list__icon'>\n        <svg xmlns=\"http:\/\/www.w3.org\/2000\/svg\" width=\"24\" height=\"24\" viewBox=\"0 0 24 24\" fill=\"none\">\n<g clip-path=\"url(#clip0_626_2)\">\n<path fill-rule=\"evenodd\" clip-rule=\"evenodd\" d=\"M8.26016 1.289L6.69616 2.061C0.903156 5.081 9.49416 23.005 16.0062 23.005C16.4662 23.005 16.9102 22.911 17.3232 22.721L18.8652 21.966L15.9672 16.372L14.4272 17.126C14.2462 17.213 14.0432 17.26 13.8302 17.26C11.2692 17.26 6.98916 9.056 9.58916 7.664L11.1352 6.901L8.26016 1.289V1.289ZM16.0062 24C10.3262 24 3.78516 12.886 3.78516 6.168C3.78516 3.749 4.61816 2.022 6.24216 1.176L8.62416 0L12.4812 7.347L10.0442 8.548C8.60516 9.32 12.4532 16.972 14.0002 16.228L16.3992 15.049L20.2152 22.409C20.2152 22.409 17.8552 23.571 17.7392 23.624C17.1922 23.875 16.6102 24 16.0062 24\"\/>\n<\/g>\n<defs>\n<clipPath id=\"clip0_626_2\">\n<rect width=\"24\" height=\"24\" fill=\"white\"\/>\n<\/clipPath>\n<\/defs>\n<\/svg>\n      <\/span>\n      <span class='bde-icon-list__text' >\n      22 22 00 01<a href=\"tel:+4722220001\">\n      <\/span>\n                  <\/a>\n\n      \n    <\/li>\n\n  <\/ul>\n\n<\/div>\n<\/div><\/div><\/div>\n<\/section><section class=\"bde-section-183-109 bde-section\">\n  \n  \n\t\n\n\n\n<div class=\"section-container\"><div class=\"bde-globalblock-183-108 bde-globalblock\"><div class=\"bde-div-134-100-134-1 bde-div bde-div-134-100\">\n  \n  \n\t\n\n\n\n<div class=\"bde-form-builder-134-103-134-1 bde-form-builder bde-form-builder-134-103\">\n\n<form id=\"contact-form103\" class=\"breakdance-form breakdance-form--vertical\" data-options=\"{&quot;slug&quot;:&quot;custom&quot;,&quot;name&quot;:&quot;Contact Form&quot;,&quot;ajaxUrl&quot;:&quot;https:\\\/\\\/eventrib.no\\\/wp-admin\\\/admin-ajax.php&quot;,&quot;clearOnSuccess&quot;:true,&quot;hideOnSuccess&quot;:false,&quot;successMessage&quot;:&quot;Din foresp\\u00f8rsel er sendt!&quot;,&quot;errorMessage&quot;:&quot;Fyll og huk av felt med *&quot;,&quot;redirect&quot;:false,&quot;redirectUrl&quot;:&quot;&quot;,&quot;customJavaScript&quot;:&quot;&quot;,&quot;recaptcha&quot;:{&quot;key&quot;:&quot;6Lcz9hYsAAAAAJFOxNgnECShjaNexwGrz1ZaopNE&quot;,&quot;enabled&quot;:true},&quot;honeypot_enabled&quot;:true,&quot;popupsOnSuccess&quot;:[],&quot;popupsOnError&quot;:[]}\" data-steps=\"0\" >\n  \n  \n  \n<div class=\"breakdance-form-field breakdance-form-field--text\" >\n    \n    \n            <label class=\"breakdance-form-field__label\" for=\"name\">\n            Navn<span class=\"breakdance-form-field__required\">*<\/span>\n        <\/label>\n    \n    <input\n    class=\"breakdance-form-field__input\"\n    id=\"name\"\n    aria-describedby=\"name\"\n    type=\"text\"\n    name=\"fields[name]\"\n    placeholder=\"\"\n    value=\"\"\n                \n        \n        \n    required\n    \n    \n    \n>\n\n\n    \n    \n<\/div>\n\n\n<div class=\"breakdance-form-field breakdance-form-field--tel\" >\n    \n    \n            <label class=\"breakdance-form-field__label\" for=\"opwtzs\">\n            Telefonnummer<span class=\"breakdance-form-field__required\">*<\/span>\n        <\/label>\n    \n    <input\n    class=\"breakdance-form-field__input\"\n    id=\"opwtzs\"\n    aria-describedby=\"opwtzs\"\n    type=\"tel\"\n    name=\"fields[opwtzs]\"\n    placeholder=\"\"\n    value=\"\"\n                \n        \n        \n    required\n    \n    \n    \n>\n\n\n    \n    \n<\/div>\n\n\n<div class=\"breakdance-form-field breakdance-form-field--text\" >\n    \n    \n            <label class=\"breakdance-form-field__label\" for=\"xcywqj\">\n            Firmanavn\n        <\/label>\n    \n    <input\n    class=\"breakdance-form-field__input\"\n    id=\"xcywqj\"\n    aria-describedby=\"xcywqj\"\n    type=\"text\"\n    name=\"fields[xcywqj]\"\n    placeholder=\"\"\n    value=\"\"\n                \n        \n        \n    \n    \n    \n    \n>\n\n\n    \n    \n<\/div>\n\n\n<div class=\"breakdance-form-field breakdance-form-field--email\" >\n    \n    \n            <label class=\"breakdance-form-field__label\" for=\"lqnwaa\">\n            E-post<span class=\"breakdance-form-field__required\">*<\/span>\n        <\/label>\n    \n    <input\n    class=\"breakdance-form-field__input\"\n    id=\"lqnwaa\"\n    aria-describedby=\"lqnwaa\"\n    type=\"email\"\n    name=\"fields[lqnwaa]\"\n    placeholder=\"\"\n    value=\"\"\n                \n        \n        \n    required\n    \n    \n    \n>\n\n\n    \n    \n<\/div>\n\n\n<div class=\"breakdance-form-field breakdance-form-field--textarea\" >\n    \n    \n            <label class=\"breakdance-form-field__label\" for=\"pyudua\">\n            Anledning\n        <\/label>\n    \n    <textarea\n    class=\"breakdance-form-field__input\"\n    id=\"pyudua\"\n    aria-describedby=\"pyudua\"\n    type=\"textarea\"\n    name=\"fields[pyudua]\"\n        placeholder=\"\"\n    \n    >\n<\/textarea>\n\n\n    \n    \n<\/div>\n\n\n<div class=\"breakdance-form-field breakdance-form-field--checkbox\" >\n    \n    \n    \n    <fieldset role=\"group\"\n    aria-label=\"\u00d8nsker for tur:\"\n    >\n       <legend class=\"breakdance-form-field__label\">\u00d8nsker for tur:<\/legend>\n          <div class=\"breakdance-form-checkbox\">\n          <input\n              type=\"checkbox\"\n              name=\"fields[dfkhys][]\"\n              value=\"En unik fjordopplevelse!\"\n              id=\"dfkhys-1\"\n              \n                        >\n          <label class=\"breakdance-form-checkbox__text\" for=\"dfkhys-1\">En unik fjordopplevelse!<\/label>\n      <\/div>\n        <div class=\"breakdance-form-checkbox\">\n          <input\n              type=\"checkbox\"\n              name=\"fields[dfkhys][]\"\n              value=\"Oscarsborg festning\"\n              id=\"dfkhys-2\"\n              \n                        >\n          <label class=\"breakdance-form-checkbox__text\" for=\"dfkhys-2\">Oscarsborg festning<\/label>\n      <\/div>\n        <div class=\"breakdance-form-checkbox\">\n          <input\n              type=\"checkbox\"\n              name=\"fields[dfkhys][]\"\n              value=\"Konferanse ved fjorden\"\n              id=\"dfkhys-3\"\n              \n                        >\n          <label class=\"breakdance-form-checkbox__text\" for=\"dfkhys-3\">Konferanse ved fjorden<\/label>\n      <\/div>\n        <div class=\"breakdance-form-checkbox\">\n          <input\n              type=\"checkbox\"\n              name=\"fields[dfkhys][]\"\n              value=\"Opplev Vilma Sj\u00f8bad\"\n              id=\"dfkhys-4\"\n              \n                        >\n          <label class=\"breakdance-form-checkbox__text\" for=\"dfkhys-4\">Opplev Vilma Sj\u00f8bad<\/label>\n      <\/div>\n        <div class=\"breakdance-form-checkbox\">\n          <input\n              type=\"checkbox\"\n              name=\"fields[dfkhys][]\"\n              value=\"Utdrikningslag i full fart\"\n              id=\"dfkhys-5\"\n              \n                        >\n          <label class=\"breakdance-form-checkbox__text\" for=\"dfkhys-5\">Utdrikningslag i full fart<\/label>\n      <\/div>\n        <div class=\"breakdance-form-checkbox\">\n          <input\n              type=\"checkbox\"\n              name=\"fields[dfkhys][]\"\n              value=\"Opplev Villa Oslofjord\"\n              id=\"dfkhys-6\"\n              \n                        >\n          <label class=\"breakdance-form-checkbox__text\" for=\"dfkhys-6\">Opplev Villa Oslofjord<\/label>\n      <\/div>\n        <div class=\"breakdance-form-checkbox\">\n          <input\n              type=\"checkbox\"\n              name=\"fields[dfkhys][]\"\n              value=\"Bua-tur og ekte kystliv\"\n              id=\"dfkhys-7\"\n              \n                        >\n          <label class=\"breakdance-form-checkbox__text\" for=\"dfkhys-7\">Bua-tur og ekte kystliv<\/label>\n      <\/div>\n        <div class=\"breakdance-form-checkbox\">\n          <input\n              type=\"checkbox\"\n              name=\"fields[dfkhys][]\"\n              value=\"Sikring og produksjon\"\n              id=\"dfkhys-8\"\n              \n                        >\n          <label class=\"breakdance-form-checkbox__text\" for=\"dfkhys-8\">Sikring og produksjon<\/label>\n      <\/div>\n  <\/fieldset>\n\n\n\n    \n    \n<\/div>\n\n\n<div class=\"breakdance-form-field breakdance-form-field--textarea\" >\n    \n    \n            <label class=\"breakdance-form-field__label\" for=\"message\">\n            Melding\n        <\/label>\n    \n    <textarea\n    class=\"breakdance-form-field__input\"\n    id=\"message\"\n    aria-describedby=\"message\"\n    type=\"textarea\"\n    name=\"fields[message]\"\n        placeholder=\"Hvis mulig, vennligst skriv oppstartstid, dato og sted...\"\n    \n    >\n<\/textarea>\n\n\n    \n    \n<\/div>\n\n\n<div class=\"breakdance-form-field breakdance-form-field--hpinput\" >\n    \n    \n            <label class=\"breakdance-form-field__label\" for=\"hpname\">\n            HP Name\n        <\/label>\n    \n    <input\n    class=\"breakdance-form-field__input\"\n    id=\"hpname\"\n    aria-describedby=\"hpname\"\n    type=\"hpinput\"\n    name=\"fields[hpname]\"\n    placeholder=\"\"\n    value=\"\"\n                \n        \n        \n    \n    autocomplete=\"off\"\n    tabindex=\"-1\"\n    \n>\n\n\n    \n    \n<\/div>\n\n\n  \n\n<div class=\"breakdance-form-field breakdance-form-footer\">\n    \n    \n                                    \n    \n    \n    \n    \n            \n            <button type=\"submit\" class=\"button-atom button-atom--primary breakdance-form-button breakdance-form-button__submit\"  >\n    \n        <span class=\"button-atom__text\">SEND F\u00d8RESP\u00d8RSEL<\/span>\n\n        \n        \n            <\/button>\n    \n    <input type=\"hidden\" name=\"form_id\" value=\"103\">\n    <input type=\"hidden\" name=\"post_id\" value=\"134\">\n<\/div>\n\n  \n<\/form>\n\n\n<\/div>\n<\/div><\/div><\/div>\n<\/section>","protected":false},"excerpt":{"rendered":"<p>Kontakt oss Har du sp\u00f8rsm\u00e5l om v\u00e5re pakker, \u00f8nsker et samarbeid eller vil booke din neste tur? Ikke n\u00f8l med \u00e5 ta kontakt \u2013 vi svarer p\u00e5 alt du lurer p\u00e5! Kontakt oss for booking, informasjon om v\u00e5re pakker, samarbeid eller andre henvendelser. KontaktpersonNicolai Walle Wennersten980 43 962nico@eventrib.no post@eventrib.no 22 22 00 01 Navn* Telefonnummer* [&hellip;]<\/p>\n","protected":false},"author":2,"featured_media":0,"parent":0,"menu_order":0,"comment_status":"closed","ping_status":"closed","template":"","meta":{"_acf_changed":false,"_breakdance_hide_in_design_set":false,"_breakdance_tags":"","footnotes":""},"class_list":["post-183","page","type-page","status-publish","hentry"],"acf":[],"_links":{"self":[{"href":"https:\/\/eventrib.no\/en\/wp-json\/wp\/v2\/pages\/183","targetHints":{"allow":["GET"]}}],"collection":[{"href":"https:\/\/eventrib.no\/en\/wp-json\/wp\/v2\/pages"}],"about":[{"href":"https:\/\/eventrib.no\/en\/wp-json\/wp\/v2\/types\/page"}],"author":[{"embeddable":true,"href":"https:\/\/eventrib.no\/en\/wp-json\/wp\/v2\/users\/2"}],"replies":[{"embeddable":true,"href":"https:\/\/eventrib.no\/en\/wp-json\/wp\/v2\/comments?post=183"}],"version-history":[{"count":9,"href":"https:\/\/eventrib.no\/en\/wp-json\/wp\/v2\/pages\/183\/revisions"}],"predecessor-version":[{"id":557,"href":"https:\/\/eventrib.no\/en\/wp-json\/wp\/v2\/pages\/183\/revisions\/557"}],"wp:attachment":[{"href":"https:\/\/eventrib.no\/en\/wp-json\/wp\/v2\/media?parent=183"}],"curies":[{"name":"wp","href":"https:\/\/api.w.org\/{rel}","templated":true}]}}