{"id":237,"date":"2026-02-24T14:13:43","date_gmt":"2026-02-24T13:13:43","guid":{"rendered":"https:\/\/sandbox.enkle.re\/sandbox-2\/?page_id=237"},"modified":"2026-04-02T12:44:59","modified_gmt":"2026-04-02T10:44:59","slug":"booking","status":"publish","type":"page","link":"https:\/\/eventrib.no\/en\/booking\/","title":{"rendered":"Booking"},"content":{"rendered":"<section class=\"bde-section-237-100 bde-section\">\n  \n  \n\t\n\n\n\n<div class=\"section-container\"><div class=\"bde-columns-237-104 bde-columns\"><div class=\"bde-column-237-105 bde-column\">\n  \n  \n\t\n\n\n\n<h1 class=\"bde-heading-237-106 bde-heading responsive-title\">\nStart din opplevelse i dag!\n<\/h1>\n<\/div><div class=\"bde-column-237-107 bde-column\">\n  \n  \n\t\n\n\n\n<h1 class=\"bde-heading-237-108 bde-heading\">\nStart din opplevelse i dag!\n<\/h1><div class=\"bde-text-237-109 bde-text\">\nSend inn din foresp\u00f8rsel her! Det er helt uforpliktende, og vi skreddersyr gjerne opplegget etter dine behov og \u00f8nsker.\n<\/div><div class=\"bde-icon-237-110 bde-icon\">\n\n    \n            <div class=\"bde-icon-icon breakdance-icon-atom\" >\n    \n                    <svg xmlns=\"http:\/\/www.w3.org\/2000\/svg\" viewBox=\"0 0 512 512\"><!--! Font Awesome Free 6.5.1 by @fontawesome - https:\/\/fontawesome.com License - https:\/\/fontawesome.com\/license\/free (Icons: CC BY 4.0, Fonts: SIL OFL 1.1, Code: MIT License) Copyright 2023 Fonticons, Inc. --><path d=\"M256 0a256 256 0 1 0 0 512A256 256 0 1 0 256 0zM127 281c-9.4-9.4-9.4-24.6 0-33.9s24.6-9.4 33.9 0l71 71L232 136c0-13.3 10.7-24 24-24s24 10.7 24 24l0 182.1 71-71c9.4-9.4 24.6-9.4 33.9 0s9.4 24.6 0 33.9L273 393c-9.4 9.4-24.6 9.4-33.9 0L127 281z\"\/><\/svg>\n        \n        \n        \n            <\/div>\n    \n\n\n<\/div>\n<\/div><\/div><div class=\"bde-fancy-divider-237-111 bde-fancy-divider\">\n\n\n<div class=\"bde-fancy-divider__wrapper\">\n  <div class=\"bde-fancy-divider__separator   has-pattern\">\n  \t  <\/div>\n<\/div>\n\n<\/div><div class=\"bde-globalblock-237-101 bde-globalblock\"><div class=\"bde-div-134-100-134-1 bde-div bde-div-134-100\">\n  \n  \n\t\n\n\n\n<div class=\"bde-form-builder-134-103-134-1 bde-form-builder bde-form-builder-134-103\">\n\n<form id=\"contact-form103\" class=\"breakdance-form breakdance-form--vertical\" data-options=\"{&quot;slug&quot;:&quot;custom&quot;,&quot;name&quot;:&quot;Contact Form&quot;,&quot;ajaxUrl&quot;:&quot;https:\\\/\\\/eventrib.no\\\/wp-admin\\\/admin-ajax.php&quot;,&quot;clearOnSuccess&quot;:true,&quot;hideOnSuccess&quot;:false,&quot;successMessage&quot;:&quot;Din foresp\\u00f8rsel er sendt!&quot;,&quot;errorMessage&quot;:&quot;Fyll og huk av felt med *&quot;,&quot;redirect&quot;:false,&quot;redirectUrl&quot;:&quot;&quot;,&quot;customJavaScript&quot;:&quot;&quot;,&quot;recaptcha&quot;:{&quot;key&quot;:&quot;6Lcz9hYsAAAAAJFOxNgnECShjaNexwGrz1ZaopNE&quot;,&quot;enabled&quot;:true},&quot;honeypot_enabled&quot;:true,&quot;popupsOnSuccess&quot;:[],&quot;popupsOnError&quot;:[]}\" data-steps=\"0\" >\n  \n  \n  \n<div class=\"breakdance-form-field breakdance-form-field--text\" >\n    \n    \n            <label class=\"breakdance-form-field__label\" for=\"name\">\n            Navn<span class=\"breakdance-form-field__required\">*<\/span>\n        <\/label>\n    \n    <input\n    class=\"breakdance-form-field__input\"\n    id=\"name\"\n    aria-describedby=\"name\"\n    type=\"text\"\n    name=\"fields[name]\"\n    placeholder=\"\"\n    value=\"\"\n                \n        \n        \n    required\n    \n    \n    \n>\n\n\n    \n    \n<\/div>\n\n\n<div class=\"breakdance-form-field breakdance-form-field--tel\" >\n    \n    \n            <label class=\"breakdance-form-field__label\" for=\"opwtzs\">\n            Telefonnummer<span class=\"breakdance-form-field__required\">*<\/span>\n        <\/label>\n    \n    <input\n    class=\"breakdance-form-field__input\"\n    id=\"opwtzs\"\n    aria-describedby=\"opwtzs\"\n    type=\"tel\"\n    name=\"fields[opwtzs]\"\n    placeholder=\"\"\n    value=\"\"\n                \n        \n        \n    required\n    \n    \n    \n>\n\n\n    \n    \n<\/div>\n\n\n<div class=\"breakdance-form-field breakdance-form-field--text\" >\n    \n    \n            <label class=\"breakdance-form-field__label\" for=\"xcywqj\">\n            Firmanavn\n        <\/label>\n    \n    <input\n    class=\"breakdance-form-field__input\"\n    id=\"xcywqj\"\n    aria-describedby=\"xcywqj\"\n    type=\"text\"\n    name=\"fields[xcywqj]\"\n    placeholder=\"\"\n    value=\"\"\n                \n        \n        \n    \n    \n    \n    \n>\n\n\n    \n    \n<\/div>\n\n\n<div class=\"breakdance-form-field breakdance-form-field--email\" >\n    \n    \n            <label class=\"breakdance-form-field__label\" for=\"lqnwaa\">\n            E-post<span class=\"breakdance-form-field__required\">*<\/span>\n        <\/label>\n    \n    <input\n    class=\"breakdance-form-field__input\"\n    id=\"lqnwaa\"\n    aria-describedby=\"lqnwaa\"\n    type=\"email\"\n    name=\"fields[lqnwaa]\"\n    placeholder=\"\"\n    value=\"\"\n                \n        \n        \n    required\n    \n    \n    \n>\n\n\n    \n    \n<\/div>\n\n\n<div class=\"breakdance-form-field breakdance-form-field--textarea\" >\n    \n    \n            <label class=\"breakdance-form-field__label\" for=\"pyudua\">\n            Anledning\n        <\/label>\n    \n    <textarea\n    class=\"breakdance-form-field__input\"\n    id=\"pyudua\"\n    aria-describedby=\"pyudua\"\n    type=\"textarea\"\n    name=\"fields[pyudua]\"\n        placeholder=\"\"\n    \n    >\n<\/textarea>\n\n\n    \n    \n<\/div>\n\n\n<div class=\"breakdance-form-field breakdance-form-field--checkbox\" >\n    \n    \n    \n    <fieldset role=\"group\"\n    aria-label=\"\u00d8nsker for tur:\"\n    >\n       <legend class=\"breakdance-form-field__label\">\u00d8nsker for tur:<\/legend>\n          <div class=\"breakdance-form-checkbox\">\n          <input\n              type=\"checkbox\"\n              name=\"fields[dfkhys][]\"\n              value=\"En unik fjordopplevelse!\"\n              id=\"dfkhys-1\"\n              \n                        >\n          <label class=\"breakdance-form-checkbox__text\" for=\"dfkhys-1\">En unik fjordopplevelse!<\/label>\n      <\/div>\n        <div class=\"breakdance-form-checkbox\">\n          <input\n              type=\"checkbox\"\n              name=\"fields[dfkhys][]\"\n              value=\"Oscarsborg festning\"\n              id=\"dfkhys-2\"\n              \n                        >\n          <label class=\"breakdance-form-checkbox__text\" for=\"dfkhys-2\">Oscarsborg festning<\/label>\n      <\/div>\n        <div class=\"breakdance-form-checkbox\">\n          <input\n              type=\"checkbox\"\n              name=\"fields[dfkhys][]\"\n              value=\"Konferanse ved fjorden\"\n              id=\"dfkhys-3\"\n              \n                        >\n          <label class=\"breakdance-form-checkbox__text\" for=\"dfkhys-3\">Konferanse ved fjorden<\/label>\n      <\/div>\n        <div class=\"breakdance-form-checkbox\">\n          <input\n              type=\"checkbox\"\n              name=\"fields[dfkhys][]\"\n              value=\"Opplev Vilma Sj\u00f8bad\"\n              id=\"dfkhys-4\"\n              \n                        >\n          <label class=\"breakdance-form-checkbox__text\" for=\"dfkhys-4\">Opplev Vilma Sj\u00f8bad<\/label>\n      <\/div>\n        <div class=\"breakdance-form-checkbox\">\n          <input\n              type=\"checkbox\"\n              name=\"fields[dfkhys][]\"\n              value=\"Utdrikningslag i full fart\"\n              id=\"dfkhys-5\"\n              \n                        >\n          <label class=\"breakdance-form-checkbox__text\" for=\"dfkhys-5\">Utdrikningslag i full fart<\/label>\n      <\/div>\n        <div class=\"breakdance-form-checkbox\">\n          <input\n              type=\"checkbox\"\n              name=\"fields[dfkhys][]\"\n              value=\"Opplev Villa Oslofjord\"\n              id=\"dfkhys-6\"\n              \n                        >\n          <label class=\"breakdance-form-checkbox__text\" for=\"dfkhys-6\">Opplev Villa Oslofjord<\/label>\n      <\/div>\n        <div class=\"breakdance-form-checkbox\">\n          <input\n              type=\"checkbox\"\n              name=\"fields[dfkhys][]\"\n              value=\"Bua-tur og ekte kystliv\"\n              id=\"dfkhys-7\"\n              \n                        >\n          <label class=\"breakdance-form-checkbox__text\" for=\"dfkhys-7\">Bua-tur og ekte kystliv<\/label>\n      <\/div>\n        <div class=\"breakdance-form-checkbox\">\n          <input\n              type=\"checkbox\"\n              name=\"fields[dfkhys][]\"\n              value=\"Sikring og produksjon\"\n              id=\"dfkhys-8\"\n              \n                        >\n          <label class=\"breakdance-form-checkbox__text\" for=\"dfkhys-8\">Sikring og produksjon<\/label>\n      <\/div>\n  <\/fieldset>\n\n\n\n    \n    \n<\/div>\n\n\n<div class=\"breakdance-form-field breakdance-form-field--textarea\" >\n    \n    \n            <label class=\"breakdance-form-field__label\" for=\"message\">\n            Melding\n        <\/label>\n    \n    <textarea\n    class=\"breakdance-form-field__input\"\n    id=\"message\"\n    aria-describedby=\"message\"\n    type=\"textarea\"\n    name=\"fields[message]\"\n        placeholder=\"Hvis mulig, vennligst skriv oppstartstid, dato og sted...\"\n    \n    >\n<\/textarea>\n\n\n    \n    \n<\/div>\n\n\n<div class=\"breakdance-form-field breakdance-form-field--hpinput\" >\n    \n    \n            <label class=\"breakdance-form-field__label\" for=\"hpname\">\n            HP Name\n        <\/label>\n    \n    <input\n    class=\"breakdance-form-field__input\"\n    id=\"hpname\"\n    aria-describedby=\"hpname\"\n    type=\"hpinput\"\n    name=\"fields[hpname]\"\n    placeholder=\"\"\n    value=\"\"\n                \n        \n        \n    \n    autocomplete=\"off\"\n    tabindex=\"-1\"\n    \n>\n\n\n    \n    \n<\/div>\n\n\n  \n\n<div class=\"breakdance-form-field breakdance-form-footer\">\n    \n    \n                                    \n    \n    \n    \n    \n            \n            <button type=\"submit\" class=\"button-atom button-atom--primary breakdance-form-button breakdance-form-button__submit\"  >\n    \n        <span class=\"button-atom__text\">SEND F\u00d8RESP\u00d8RSEL<\/span>\n\n        \n        \n            <\/button>\n    \n    <input type=\"hidden\" name=\"form_id\" value=\"103\">\n    <input type=\"hidden\" name=\"post_id\" value=\"134\">\n<\/div>\n\n  \n<\/form>\n\n\n<\/div>\n<\/div><\/div><\/div>\n<\/section>","protected":false},"excerpt":{"rendered":"<p>Start din opplevelse i dag! Start din opplevelse i dag! Send inn din foresp\u00f8rsel her! Det er helt uforpliktende, og vi skreddersyr gjerne opplegget etter dine behov og \u00f8nsker. Navn* Telefonnummer* Firmanavn E-post* Anledning \u00d8nsker for tur: En unik fjordopplevelse! Oscarsborg festning Konferanse ved fjorden Opplev Vilma Sj\u00f8bad Utdrikningslag i full fart Opplev Villa Oslofjord [&hellip;]<\/p>\n","protected":false},"author":2,"featured_media":0,"parent":0,"menu_order":0,"comment_status":"closed","ping_status":"closed","template":"","meta":{"_acf_changed":false,"_breakdance_hide_in_design_set":false,"_breakdance_tags":"","footnotes":""},"class_list":["post-237","page","type-page","status-publish","hentry"],"acf":[],"_links":{"self":[{"href":"https:\/\/eventrib.no\/en\/wp-json\/wp\/v2\/pages\/237","targetHints":{"allow":["GET"]}}],"collection":[{"href":"https:\/\/eventrib.no\/en\/wp-json\/wp\/v2\/pages"}],"about":[{"href":"https:\/\/eventrib.no\/en\/wp-json\/wp\/v2\/types\/page"}],"author":[{"embeddable":true,"href":"https:\/\/eventrib.no\/en\/wp-json\/wp\/v2\/users\/2"}],"replies":[{"embeddable":true,"href":"https:\/\/eventrib.no\/en\/wp-json\/wp\/v2\/comments?post=237"}],"version-history":[{"count":12,"href":"https:\/\/eventrib.no\/en\/wp-json\/wp\/v2\/pages\/237\/revisions"}],"predecessor-version":[{"id":560,"href":"https:\/\/eventrib.no\/en\/wp-json\/wp\/v2\/pages\/237\/revisions\/560"}],"wp:attachment":[{"href":"https:\/\/eventrib.no\/en\/wp-json\/wp\/v2\/media?parent=237"}],"curies":[{"name":"wp","href":"https:\/\/api.w.org\/{rel}","templated":true}]}}