{"id":3,"date":"2026-01-14T11:24:54","date_gmt":"2026-01-14T10:24:54","guid":{"rendered":"https:\/\/sandbox.enkle.re\/sandbox-2\/?page_id=3"},"modified":"2026-03-23T22:56:44","modified_gmt":"2026-03-23T21:56:44","slug":"personvernerklaering","status":"publish","type":"page","link":"https:\/\/eventrib.no\/en\/personvernerklaering\/","title":{"rendered":"Privacy Policy"},"content":{"rendered":"<p><strong>Vi verner om dine personopplysninger og vil til enhver tid f\u00f8lge regler og lover som er gjeldene i EU\/E\u00d8S. Ved hjelp av denne policyen vil vi informere deg om hvordan dine opplysninger blir h\u00e5ndtert av oss.<\/strong><\/p>\n\n\n\n<h2 class=\"wp-block-heading\">Hvem vi er<\/h2>\n\n\n\n<p>V\u00e5r nettstedsadresse er: https:\/\/eventrib.no<\/p>\n\n\n\n<h2 class=\"wp-block-heading\" id=\"h-personopplysningsansvar\">Personopplysningsansvar<\/h2>\n\n\n\n<p>Vi har ansvaret for at dine personopplysninger ikke blir brukt p\u00e5 noen annen m\u00e5te en slik at det er i samsvar med loven som er gjeldene<\/p>\n\n\n\n<h2 class=\"wp-block-heading\" id=\"h-personopplysninger-som-vi-behandler-om-deg\">Personopplysninger som vi behandler om deg<\/h2>\n\n\n\n<p>De opplysninger vi har om deg er ditt navn, kontaktinformasjon, bedrift. Om du slutter i den bedrift som h\u00f8rer til ditt navn. Vil vi ved opplysning om avslutning av arbeidsforholdet \u2013 slette deg fra v\u00e5rt register.<\/p>\n\n\n\n<h2 class=\"wp-block-heading\" id=\"h-innhenting-av-navn\">Innhenting av navn<\/h2>\n\n\n\n<p>Vi registrerer bare ditt navn hos oss om vi har f\u00e5tt beskjed p\u00e5 at du er kontaktpersonen i ditt firma \u2013 og bare hvis vi har en forretningsmessig relasjon. Normalt gj\u00f8res dette gjennom e-post eller telefon \u2013 oppgitt av ditt firma eller deg, eller via v\u00e5rt kontaktskjema.&nbsp;<\/p>\n\n\n\n<h2 class=\"wp-block-heading\" id=\"h-tilgang-til-opplysninger-om-deg-og-ditt-firma\">Tilgang til opplysninger om deg og ditt firma<\/h2>\n\n\n\n<p> Vi har tredjepartsleverand\u00f8r av regnskapstjenester og de vil derfor ha tilgang til postadresse og\/eller fakturerings-e-postadresse.<\/p>\n\n\n\n<h2 class=\"wp-block-heading\" id=\"h-overforing-av-personopplysninger\">Overf\u00f8ring av personopplysninger<\/h2>\n\n\n\n<p>Det er av st\u00f8rste viktighet for oss at dine personopplysninger ikke kommer p\u00e5 avveie. Og vi vil ikke overf\u00f8re de til et land utenfor E\u00d8S-omr\u00e5det. V\u00e5re vare og tjenester blir sendt innenfor E\u00d8S-omr\u00e5det og v\u00e5re leverand\u00f8rer er derfor ogs\u00e5 gjort kjent og er underlagt de samme lovene som gjelder i v\u00e5rt forretningsomr\u00e5de\/foretningsdistrikt.<\/p>\n\n\n\n<h2 class=\"wp-block-heading\" id=\"h-sikring-av-dine-personopplysninger\">Sikring av dine personopplysninger.<\/h2>\n\n\n\n<p>Vi har valgt et europeisk selskap for back-up av v\u00e5re data. De er ogs\u00e5 underlagt de samme lovene som gjelder i E\u00d8S. Alle medarbeidere har strenge rutiner og er informert om viktigheten av \u00e5 h\u00e5ndtere personopplysninger p\u00e5 en korrekt og respektfull m\u00e5te. All h\u00e5ntering av data kan f\u00f8rst skje etter en innlogging med kode\/passord i v\u00e5re systemer.<\/p>\n\n\n\n<h2 class=\"wp-block-heading\" id=\"h-sletting-av-personopplysninger\">Sletting av personopplysninger<\/h2>\n\n\n\n<p>Ved \u00f8nske om sletting av personopplysninger, kan vi n\u00e5es ved hjelp av e-post og telefon. Grunnen for at du er registrert hos oss er at du tidligere har kontaktet oss i forbindelse med kontakt mellom v\u00e5re respektive bedrifter. Om ditt arbeidsforhold endres, vil vi slette deg fra v\u00e5rt register umiddelbart. Om ditt samtykke ikke lenger er gjeldene kan du kontakte oss. S\u00e5 lenge du samtykker, vil du v\u00e6re i v\u00e5rt register.<\/p>\n\n\n\n<h2 class=\"wp-block-heading\" id=\"h-dine-rettigheter\">Dine rettigheter<\/h2>\n\n\n\n<p>I overensstemmelse med gjeldene lovverk, har du rett til \u00e5 f\u00e5 tilgang til hvilke opplysninger vi har om deg, samt at kreve rettelse av dette. Vi vil ikke bruke dine personopplysninger til direkte markedsf\u00f8ring.<\/p>\n\n\n\n<p><strong>Kontakt oss om du vil endre\/slette dine personopplysninger<\/strong><\/p>\n\n\n\n<p><\/p>","protected":false},"excerpt":{"rendered":"<p>Vi verner om dine personopplysninger og vil til enhver tid f\u00f8lge regler og lover som er gjeldene i EU\/E\u00d8S. Ved hjelp av denne policyen vil vi informere deg om hvordan dine opplysninger blir h\u00e5ndtert av oss. Hvem vi er V\u00e5r nettstedsadresse er: https:\/\/eventrib.no Personopplysningsansvar Vi har ansvaret for at dine personopplysninger ikke blir brukt p\u00e5 [&hellip;]<\/p>\n","protected":false},"author":1,"featured_media":0,"parent":0,"menu_order":0,"comment_status":"closed","ping_status":"closed","template":"","meta":{"_acf_changed":false,"_breakdance_hide_in_design_set":false,"_breakdance_tags":"","footnotes":""},"class_list":["post-3","page","type-page","status-publish","hentry"],"acf":[],"_links":{"self":[{"href":"https:\/\/eventrib.no\/en\/wp-json\/wp\/v2\/pages\/3","targetHints":{"allow":["GET"]}}],"collection":[{"href":"https:\/\/eventrib.no\/en\/wp-json\/wp\/v2\/pages"}],"about":[{"href":"https:\/\/eventrib.no\/en\/wp-json\/wp\/v2\/types\/page"}],"author":[{"embeddable":true,"href":"https:\/\/eventrib.no\/en\/wp-json\/wp\/v2\/users\/1"}],"replies":[{"embeddable":true,"href":"https:\/\/eventrib.no\/en\/wp-json\/wp\/v2\/comments?post=3"}],"version-history":[{"count":4,"href":"https:\/\/eventrib.no\/en\/wp-json\/wp\/v2\/pages\/3\/revisions"}],"predecessor-version":[{"id":487,"href":"https:\/\/eventrib.no\/en\/wp-json\/wp\/v2\/pages\/3\/revisions\/487"}],"wp:attachment":[{"href":"https:\/\/eventrib.no\/en\/wp-json\/wp\/v2\/media?parent=3"}],"curies":[{"name":"wp","href":"https:\/\/api.w.org\/{rel}","templated":true}]}}